{"id":60,"date":"2019-08-20T06:51:23","date_gmt":"2019-08-20T06:51:23","guid":{"rendered":"https:\/\/themes.getmotopress.com\/booklium-default\/?page_id=60"},"modified":"2026-01-25T22:35:41","modified_gmt":"2026-01-25T21:35:41","slug":"home","status":"publish","type":"page","link":"https:\/\/courteduree.fr\/","title":{"rendered":"R\u00e9servez votre prochaine exp\u00e9rience dans notre r\u00e9gion"},"content":{"rendered":"\n<div class=\"wp-block-getwid-section alignfull alignfull getwid-margin-top-none getwid-margin-bottom-none getwid-section-content-custom-width\"><div class=\"wp-block-getwid-section__wrapper getwid-padding-top-normal getwid-padding-bottom-normal getwid-padding-left-normal getwid-padding-right-normal getwid-padding-mobile-left-small getwid-padding-mobile-right-small\" style=\"min-height:650px\"><div class=\"wp-block-getwid-section__inner-wrapper\"><div class=\"wp-block-getwid-section__background-holder\"><div class=\"wp-block-getwid-section__background\" style=\"background-image:url('http:\/\/courteduree.fr\/wp-content\/uploads\/2026\/01\/st-bertrand_00004-scaled.jpg')\"><div class=\"wp-block-getwid-section__background-image-wrapper\"><img decoding=\"async\" class=\"wp-block-getwid-section__background-image\" src=\"http:\/\/courteduree.fr\/wp-content\/uploads\/2026\/01\/st-bertrand_00004-scaled.jpg\" alt=\"\"\/><\/div><div class=\"wp-block-getwid-section__background-slider-wrapper\"><div class=\"wp-block-getwid-section__background-slider\" data-autoplay=\"true\" data-autoplay-speed=\"6000\" data-slide-effect=\"fade\" data-slide-speed=\"2500\" data-infinite=\"true\"><div class=\"wp-block-getwid-section__background-slider-item\"><img loading=\"lazy\" decoding=\"async\" width=\"1920\" height=\"650\" src=\"http:\/\/courteduree.fr\/wp-content\/uploads\/2019\/08\/Slide-1.jpg\" class=\"wp-image-187\" alt=\"\" data-id=\"187\" srcset=\"https:\/\/courteduree.fr\/wp-content\/uploads\/2019\/08\/Slide-1.jpg 1920w, https:\/\/courteduree.fr\/wp-content\/uploads\/2019\/08\/Slide-1-300x102.jpg 300w, https:\/\/courteduree.fr\/wp-content\/uploads\/2019\/08\/Slide-1-1024x347.jpg 1024w, https:\/\/courteduree.fr\/wp-content\/uploads\/2019\/08\/Slide-1-768x260.jpg 768w, https:\/\/courteduree.fr\/wp-content\/uploads\/2019\/08\/Slide-1-1536x520.jpg 1536w, https:\/\/courteduree.fr\/wp-content\/uploads\/2019\/08\/Slide-1-892x302.jpg 892w, https:\/\/courteduree.fr\/wp-content\/uploads\/2019\/08\/Slide-1-1350x457.jpg 1350w\" sizes=\"auto, (max-width: 1920px) 100vw, 1920px\" \/><\/div><div class=\"wp-block-getwid-section__background-slider-item\"><img loading=\"lazy\" decoding=\"async\" width=\"1920\" height=\"650\" src=\"http:\/\/courteduree.fr\/wp-content\/uploads\/2019\/08\/Slide-2.jpg\" class=\"wp-image-188\" alt=\"\" data-id=\"188\" srcset=\"https:\/\/courteduree.fr\/wp-content\/uploads\/2019\/08\/Slide-2.jpg 1920w, https:\/\/courteduree.fr\/wp-content\/uploads\/2019\/08\/Slide-2-300x102.jpg 300w, https:\/\/courteduree.fr\/wp-content\/uploads\/2019\/08\/Slide-2-1024x347.jpg 1024w, https:\/\/courteduree.fr\/wp-content\/uploads\/2019\/08\/Slide-2-768x260.jpg 768w, https:\/\/courteduree.fr\/wp-content\/uploads\/2019\/08\/Slide-2-1536x520.jpg 1536w, https:\/\/courteduree.fr\/wp-content\/uploads\/2019\/08\/Slide-2-892x302.jpg 892w, https:\/\/courteduree.fr\/wp-content\/uploads\/2019\/08\/Slide-2-1350x457.jpg 1350w\" sizes=\"auto, (max-width: 1920px) 100vw, 1920px\" \/><\/div><div class=\"wp-block-getwid-section__background-slider-item\"><img loading=\"lazy\" decoding=\"async\" width=\"1920\" height=\"650\" src=\"http:\/\/courteduree.fr\/wp-content\/uploads\/2019\/08\/Slide-3.jpg\" class=\"wp-image-189\" alt=\"\" data-id=\"189\" srcset=\"https:\/\/courteduree.fr\/wp-content\/uploads\/2019\/08\/Slide-3.jpg 1920w, https:\/\/courteduree.fr\/wp-content\/uploads\/2019\/08\/Slide-3-300x102.jpg 300w, https:\/\/courteduree.fr\/wp-content\/uploads\/2019\/08\/Slide-3-1024x347.jpg 1024w, https:\/\/courteduree.fr\/wp-content\/uploads\/2019\/08\/Slide-3-768x260.jpg 768w, https:\/\/courteduree.fr\/wp-content\/uploads\/2019\/08\/Slide-3-1536x520.jpg 1536w, https:\/\/courteduree.fr\/wp-content\/uploads\/2019\/08\/Slide-3-892x302.jpg 892w, https:\/\/courteduree.fr\/wp-content\/uploads\/2019\/08\/Slide-3-1350x457.jpg 1350w\" sizes=\"auto, (max-width: 1920px) 100vw, 1920px\" \/><\/div><\/div><\/div><\/div><div class=\"wp-block-getwid-section__foreground\" style=\"opacity:0.5;background-color:#252e59;mix-blend-mode:multiply\"><\/div><\/div><div class=\"wp-block-getwid-section__content\"><div class=\"wp-block-getwid-section__inner-content\">\n<div class=\"wp-block-getwid-advanced-heading is-style-with-shadow has-custom-font-size\" style=\"font-size:16px\"><span class=\"wp-block-getwid-advanced-heading__content has-text-color has-white-color\" style=\"font-weight:normal\">R\u00e9servez dans l&#8217;un de nos logements<\/span><\/div>\n\n\n\n<div class=\"wp-block-getwid-advanced-heading is-style-with-shadow has-custom-font-size\" style=\"font-size:39px;margin-bottom:20px\"><h2 class=\"wp-block-getwid-advanced-heading__content has-text-color has-white-color\">Vivez votre prochaine exp\u00e9rience<\/h2><\/div>\n\n\n\n<div class=\"wp-block-getwid-section getwid-section-content-custom-width\"><div class=\"wp-block-getwid-section__wrapper getwid-padding-top-none getwid-padding-bottom-none getwid-padding-left-none getwid-padding-right-none getwid-justify-content-flex-start\"><div class=\"wp-block-getwid-section__inner-wrapper\" style=\"max-width:1000px\"><div class=\"wp-block-getwid-section__background-holder\"><div class=\"wp-block-getwid-section__background\"><\/div><div class=\"wp-block-getwid-section__foreground\"><\/div><\/div><div class=\"wp-block-getwid-section__content\"><div class=\"wp-block-getwid-section__inner-content\"><div class=\"mphb_sc_search-wrapper is-style-horizontal-white\">\n<form method=\"GET\" class=\"mphb_sc_search-form\" action=\"https:\/\/courteduree.fr\/?page_id=68\" data-first_available_check_in_date=\"2027-05-04\">\n\n\t<input type=\"hidden\" name=\"page_id\" value=\"68\" \/>\n\t<p class=\"mphb_sc_search-check-in-date\">\n\t\t<label for=\"mphb_check_in_date-mphb-search-form-69f31300ab0e6\">\n\t\t\tCheck-in\t\t\t<abbr title=\"Formatted as dd\/mm\/yyyy\">*<\/abbr>\n\t\t<\/label>\n\t\t<br \/>\n\t\t<input\n\t\t\tid=\"mphb_check_in_date-mphb-search-form-69f31300ab0e6\"\n\t\t\tdata-datepick-group=\"mphb-search-form-69f31300ab0e6\"\n\t\t\tvalue=\"\"\n\t\t\tplaceholder=\"Check-in Date\"\n\t\t\trequired=\"required\"\n\t\t\ttype=\"text\"\n\t\t\tinputmode=\"none\"\n\t\t\tname=\"mphb_check_in_date\"\n\t\t\tclass=\"mphb-datepick\"\n\t\t\tautocomplete=\"off\"\n\t\t\t\/>\n\t<\/p>\n\n\t<p class=\"mphb_sc_search-check-out-date\">\n\t\t<label for=\"mphb_check_out_date-mphb-search-form-69f31300ab0e6\">\n\t\t\tCheck-out\t\t\t<abbr title=\"Formatted as dd\/mm\/yyyy\">*<\/abbr>\n\t\t<\/label>\n\t\t<br \/>\n\t\t<input\n\t\t\tid=\"mphb_check_out_date-mphb-search-form-69f31300ab0e6\"\n\t\t\tdata-datepick-group=\"mphb-search-form-69f31300ab0e6\"\n\t\t\tvalue=\"\"\n\t\t\tplaceholder=\"Check-out Date\"\n\t\t\trequired=\"required\"\n\t\t\ttype=\"text\"\n\t\t\tinputmode=\"none\"\n\t\t\tname=\"mphb_check_out_date\"\n\t\t\tclass=\"mphb-datepick\"\n\t\t\tautocomplete=\"off\"\n\t\t\t\/>\n\t<\/p>\n\n\t\t\t<p class=\"mphb_sc_search-adults\">\n\t\t\t<label for=\"mphb_adults-mphb-search-form-69f31300ab0e6\">\n\t\t\t\tGuests\t\t\t<\/label>\n\t\t\t<br \/>\n\t\t\t<select id=\"mphb_adults-mphb-search-form-69f31300ab0e6\" name=\"mphb_adults\" >\n\t\t\t\t\t\t\t\t\t<option value=\"1\"  selected='selected'>1<\/option>\n\t\t\t\t\t\t\t\t\t<option value=\"2\" >2<\/option>\n\t\t\t\t\t\t\t\t\t<option value=\"3\" >3<\/option>\n\t\t\t\t\t\t\t\t\t<option value=\"4\" >4<\/option>\n\t\t\t\t\t\t\t\t\t<option value=\"5\" >5<\/option>\n\t\t\t\t\t\t\t\t\t<option value=\"6\" >6<\/option>\n\t\t\t\t\t\t\t\t\t<option value=\"7\" >7<\/option>\n\t\t\t\t\t\t\t\t\t<option value=\"8\" >8<\/option>\n\t\t\t\t\t\t\t\t\t<option value=\"9\" >9<\/option>\n\t\t\t\t\t\t\t\t\t<option value=\"10\" >10<\/option>\n\t\t\t\t\t\t\t\t\t<option value=\"11\" >11<\/option>\n\t\t\t\t\t\t\t\t\t<option value=\"12\" >12<\/option>\n\t\t\t\t\t\t\t\t\t<option value=\"13\" >13<\/option>\n\t\t\t\t\t\t\t\t\t<option value=\"14\" >14<\/option>\n\t\t\t\t\t\t\t\t\t<option value=\"15\" >15<\/option>\n\t\t\t\t\t\t\t\t\t<option value=\"16\" >16<\/option>\n\t\t\t\t\t\t\t\t\t<option value=\"17\" >17<\/option>\n\t\t\t\t\t\t\t\t\t<option value=\"18\" >18<\/option>\n\t\t\t\t\t\t\t\t\t<option value=\"19\" >19<\/option>\n\t\t\t\t\t\t\t\t\t<option value=\"20\" >20<\/option>\n\t\t\t\t\t\t\t\t\t<option value=\"21\" >21<\/option>\n\t\t\t\t\t\t\t\t\t<option value=\"22\" >22<\/option>\n\t\t\t\t\t\t\t\t\t<option value=\"23\" >23<\/option>\n\t\t\t\t\t\t\t\t\t<option value=\"24\" >24<\/option>\n\t\t\t\t\t\t\t\t\t<option value=\"25\" >25<\/option>\n\t\t\t\t\t\t\t\t\t<option value=\"26\" >26<\/option>\n\t\t\t\t\t\t\t\t\t<option value=\"27\" >27<\/option>\n\t\t\t\t\t\t\t\t\t<option value=\"28\" >28<\/option>\n\t\t\t\t\t\t\t\t\t<option value=\"29\" >29<\/option>\n\t\t\t\t\t\t\t\t\t<option value=\"30\" >30<\/option>\n\t\t\t\t\t\t\t<\/select>\n\t\t<\/p>\n\t\n\t\t\t<input type=\"hidden\" id=\"mphb_children-mphb-search-form-69f31300ab0e6\" name=\"mphb_children\" value=\"0\" \/>\n\t\n\t\n\t\t\t<p class=\"mphb_sc_search-locations\">\n\t\t\t<label for=\"mphb_locations-mphb-search-form-69f31300ab0e6\">\n\t\t\t\tLocation\t\t\t<\/label>\n\t\t\t<br \/>\n\t\t\t<select id=\"mphb_locations-mphb-search-form-69f31300ab0e6\" name=\"mphb_attributes[locations]\">\n\t\t\t\t<option value=\"\">Any<\/option>\n\t\t\t\t\t\t\t\t\t<option value=\"69\">Saint Bertrand de Comminges<\/option>\n\t\t\t\t\t\t\t<\/select>\n\t\t<\/p>\n\t\n\t<input id=\"mphb_check_in_date-mphb-search-form-69f31300ab0e6-hidden\" value=\"\" type=\"hidden\" name=\"mphb_check_in_date\" \/><input id=\"mphb_check_out_date-mphb-search-form-69f31300ab0e6-hidden\" value=\"\" type=\"hidden\" name=\"mphb_check_out_date\" \/>\n\t<p class=\"mphb_sc_search-submit-button-wrapper\">\n\t\t<input type=\"submit\" class=\"button\" value=\"Search\"\/>\n\t<\/p>\n\n\t\n<\/form>\n<\/div><\/div><\/div><\/div><\/div><\/div>\n<\/div><\/div><\/div><\/div><\/div>\n\n\n\n<div class=\"wp-block-getwid-section alignfull alignfull getwid-margin-top-none\" style=\"margin-bottom:20px\"><div class=\"wp-block-getwid-section__wrapper getwid-padding-top-normal getwid-padding-left-normal getwid-padding-right-normal getwid-padding-mobile-left-small getwid-padding-mobile-right-small\" style=\"padding-bottom:10px\"><div class=\"wp-block-getwid-section__inner-wrapper\"><div class=\"wp-block-getwid-section__background-holder\"><div class=\"wp-block-getwid-section__background\"><\/div><div class=\"wp-block-getwid-section__foreground\"><\/div><\/div><div class=\"wp-block-getwid-section__content\"><div class=\"wp-block-getwid-section__inner-content\">\n<div class=\"wp-block-columns has-2-columns is-layout-flex wp-container-core-columns-is-layout-9d6595d7 wp-block-columns-is-layout-flex\">\n<div class=\"wp-block-column is-layout-flow wp-block-column-is-layout-flow\">\n<div class=\"wp-block-getwid-advanced-heading\" style=\"margin-bottom:5px\"><h2 class=\"wp-block-getwid-advanced-heading__content\">Nos Logements en Occitanie<\/h2><\/div>\n\n\n\n<div class=\"wp-block-getwid-advanced-heading\"><span class=\"wp-block-getwid-advanced-heading__content\">D\u00e9couvrez nos logements pour passer un agr\u00e9able moment dans notre belle r\u00e9gion.<\/span><\/div>\n<\/div>\n\n\n\n<div class=\"wp-block-column is-layout-flow wp-block-column-is-layout-flow\">\n<div class=\"wp-block-button alignright\"><a class=\"wp-block-button__link wp-element-button\" href=\"#\">Afficher tous<\/a><\/div>\n<\/div>\n<\/div>\n\n\n<div class=\"mphb_sc_rooms-wrapper mphb-room-types is-style-minimalistic\"><p class=\"mphb-not-found\">\n\tNo accommodations matching criteria.<\/p>\n<\/div>\n\n\n<div style=\"height:75px\" aria-hidden=\"true\" class=\"wp-block-spacer\"><\/div>\n\n\n\n<div class=\"wp-block-columns has-3-columns is-layout-flex wp-container-core-columns-is-layout-9d6595d7 wp-block-columns-is-layout-flex\">\n<div class=\"wp-block-column is-layout-flow wp-block-column-is-layout-flow\">\n<div class=\"wp-block-getwid-section is-style-with-shadow is-style-fit-parent\"><div class=\"wp-block-getwid-section__wrapper getwid-padding-top-medium getwid-padding-bottom-medium getwid-padding-left-medium getwid-padding-right-medium getwid-margin-right-small getwid-margin-mobile-right-none getwid-align-items-flex-start\"><div class=\"wp-block-getwid-section__inner-wrapper\"><div class=\"wp-block-getwid-section__background-holder\"><div class=\"wp-block-getwid-section__background has-background has-white-background-color\"><\/div><div class=\"wp-block-getwid-section__foreground\"><\/div><\/div><div class=\"wp-block-getwid-section__content\"><div class=\"wp-block-getwid-section__inner-content\">\n<div class=\"wp-block-getwid-image-box has-text-center has-mobile-layout-default has-mobile-alignment-default\"><div style=\"margin-bottom:30px\" class=\"wp-block-getwid-image-box__image-container is-position-top\"><div class=\"wp-block-getwid-image-box__image-wrapper\"><img loading=\"lazy\" decoding=\"async\" width=\"66\" height=\"64\" src=\"http:\/\/courteduree.fr\/wp-content\/uploads\/2019\/09\/list-your-property1.png\" alt=\"\" class=\"wp-block-getwid-image-box__image wp-image-838\"\/><\/div><\/div><div class=\"wp-block-getwid-image-box__content\">\n<div class=\"wp-block-getwid-advanced-heading\" style=\"margin-bottom:10px\"><h4 class=\"wp-block-getwid-advanced-heading__content\">High-quality Property<\/h4><\/div>\n\n\n\n<p class=\"has-small-font-size\">Every property we have to propose you corresponds to the all high standards of comfort and pleasant rest.<\/p>\n<\/div><\/div>\n<\/div><\/div><\/div><\/div><\/div>\n<\/div>\n\n\n\n<div class=\"wp-block-column is-layout-flow wp-block-column-is-layout-flow\">\n<div class=\"wp-block-getwid-section is-style-with-shadow is-style-fit-parent\"><div class=\"wp-block-getwid-section__wrapper getwid-padding-top-medium getwid-padding-bottom-medium getwid-padding-left-medium getwid-padding-right-medium getwid-margin-left-small getwid-margin-right-small getwid-margin-mobile-left-none getwid-margin-mobile-right-none getwid-align-items-flex-start\"><div class=\"wp-block-getwid-section__inner-wrapper\"><div class=\"wp-block-getwid-section__background-holder\"><div class=\"wp-block-getwid-section__background has-background has-white-background-color\"><\/div><div class=\"wp-block-getwid-section__foreground\"><\/div><\/div><div class=\"wp-block-getwid-section__content\"><div class=\"wp-block-getwid-section__inner-content\">\n<div class=\"wp-block-getwid-image-box has-text-center has-mobile-layout-default has-mobile-alignment-default\"><div style=\"margin-bottom:30px\" class=\"wp-block-getwid-image-box__image-container is-position-top\"><div class=\"wp-block-getwid-image-box__image-wrapper\"><img loading=\"lazy\" decoding=\"async\" width=\"64\" height=\"64\" src=\"http:\/\/courteduree.fr\/wp-content\/uploads\/2019\/09\/book-with-confidence1.png\" alt=\"\" class=\"wp-block-getwid-image-box__image wp-image-840\"\/><\/div><\/div><div class=\"wp-block-getwid-image-box__content\">\n<div class=\"wp-block-getwid-advanced-heading\" style=\"margin-bottom:10px\"><h4 class=\"wp-block-getwid-advanced-heading__content\">Book with Confidence<\/h4><\/div>\n\n\n\n<p class=\"has-small-font-size\">Be sure that your booking is  confirmed by us, as we are using extremely smart booking management system.<\/p>\n<\/div><\/div>\n<\/div><\/div><\/div><\/div><\/div>\n<\/div>\n\n\n\n<div class=\"wp-block-column is-layout-flow wp-block-column-is-layout-flow\">\n<div class=\"wp-block-getwid-section is-style-with-shadow is-style-fit-parent\"><div class=\"wp-block-getwid-section__wrapper getwid-padding-top-medium getwid-padding-bottom-medium getwid-padding-left-medium getwid-padding-right-medium getwid-margin-left-small getwid-margin-mobile-left-none getwid-align-items-flex-start\"><div class=\"wp-block-getwid-section__inner-wrapper\"><div class=\"wp-block-getwid-section__background-holder\"><div class=\"wp-block-getwid-section__background has-background has-white-background-color\"><\/div><div class=\"wp-block-getwid-section__foreground\"><\/div><\/div><div class=\"wp-block-getwid-section__content\"><div class=\"wp-block-getwid-section__inner-content\">\n<div class=\"wp-block-getwid-image-box has-text-center has-mobile-layout-default has-mobile-alignment-default\"><div style=\"margin-bottom:30px\" class=\"wp-block-getwid-image-box__image-container is-position-top\"><div class=\"wp-block-getwid-image-box__image-wrapper\"><img loading=\"lazy\" decoding=\"async\" width=\"66\" height=\"64\" src=\"http:\/\/courteduree.fr\/wp-content\/uploads\/2019\/09\/trustsafety1.png\" alt=\"\" class=\"wp-block-getwid-image-box__image wp-image-841\"\/><\/div><\/div><div class=\"wp-block-getwid-image-box__content\">\n<div class=\"wp-block-getwid-advanced-heading\" style=\"margin-bottom:10px\"><h4 class=\"wp-block-getwid-advanced-heading__content\">Trust &amp; Safety<\/h4><\/div>\n\n\n\n<p class=\"has-small-font-size\">Hundreds of satisfied visitors have stated their extremely pleasant impressions and you can check it yourself!<\/p>\n<\/div><\/div>\n<\/div><\/div><\/div><\/div><\/div>\n<\/div>\n<\/div>\n\n\n\n<div style=\"height:45px\" aria-hidden=\"true\" class=\"wp-block-spacer\"><\/div>\n\n\n\n<div class=\"wp-block-columns has-2-columns is-layout-flex wp-container-core-columns-is-layout-9d6595d7 wp-block-columns-is-layout-flex\">\n<div class=\"wp-block-column is-layout-flow wp-block-column-is-layout-flow\">\n<div class=\"wp-block-getwid-advanced-heading\" style=\"margin-bottom:5px\"><h2 class=\"wp-block-getwid-advanced-heading__content\">D\u00e9couvrez notre r\u00e9gion<\/h2><\/div>\n\n\n\n<div class=\"wp-block-getwid-advanced-heading\"><span class=\"wp-block-getwid-advanced-heading__content\">Chaque logement est enti\u00e8rement \u00e9quip\u00e9 pour que vous puissiez passer un agr\u00e9able s\u00e9jour<\/span><\/div>\n<\/div>\n\n\n\n<div class=\"wp-block-column is-layout-flow wp-block-column-is-layout-flow\">\n<div class=\"wp-block-button alignright\"><a class=\"wp-block-button__link wp-element-button\" href=\"#\">D\u00e9couvrez<\/a><\/div>\n<\/div>\n<\/div>\n\n\n\n<div class=\"wp-block-getwid-advanced-spacer\" style=\"height:15px\" aria-hidden=\"true\"><\/div>\n\n\n\n<div class=\"wp-block-columns has-4-columns is-layout-flex wp-container-core-columns-is-layout-9d6595d7 wp-block-columns-is-layout-flex\">\n<div class=\"wp-block-column is-layout-flow wp-block-column-is-layout-flow\">\n<div class=\"wp-block-getwid-banner is-style-shadow-bottom has-foreground-undefined has-animation-style4 has-vertical-alignment-bottom has-horizontal-alignment-left\"><a href=\"#\" class=\"wp-block-getwid-banner__link\"><div class=\"wp-block-getwid-banner__wrapper\"><img loading=\"lazy\" decoding=\"async\" width=\"892\" height=\"1056\" src=\"http:\/\/courteduree.fr\/wp-content\/uploads\/2019\/08\/Nepal.jpg\" alt=\"\" class=\"wp-block-getwid-banner__image wp-block-getwid-banner__source wp-image-215\" srcset=\"https:\/\/courteduree.fr\/wp-content\/uploads\/2019\/08\/Nepal.jpg 892w, https:\/\/courteduree.fr\/wp-content\/uploads\/2019\/08\/Nepal-253x300.jpg 253w, https:\/\/courteduree.fr\/wp-content\/uploads\/2019\/08\/Nepal-865x1024.jpg 865w, https:\/\/courteduree.fr\/wp-content\/uploads\/2019\/08\/Nepal-768x909.jpg 768w\" sizes=\"auto, (max-width: 892px) 100vw, 892px\" \/><div class=\"wp-block-getwid-banner__caption\" style=\"min-height:385px\"><div class=\"wp-block-getwid-banner__caption-wrapper\"><span class=\"wp-block-getwid-banner__title\">Nepal<\/span><p class=\"wp-block-getwid-banner__text\">$122 \/ night average<\/p><\/div><\/div><\/div><\/a><\/div>\n<\/div>\n\n\n\n<div class=\"wp-block-column is-layout-flow wp-block-column-is-layout-flow\">\n<div class=\"wp-block-getwid-banner is-style-shadow-bottom has-foreground-undefined has-animation-style4 has-vertical-alignment-bottom has-horizontal-alignment-left\"><a href=\"#\" class=\"wp-block-getwid-banner__link\"><div class=\"wp-block-getwid-banner__wrapper\"><img loading=\"lazy\" decoding=\"async\" width=\"892\" height=\"1059\" src=\"http:\/\/courteduree.fr\/wp-content\/uploads\/2019\/08\/Thailand.jpg\" alt=\"\" class=\"wp-block-getwid-banner__image wp-block-getwid-banner__source wp-image-217\" srcset=\"https:\/\/courteduree.fr\/wp-content\/uploads\/2019\/08\/Thailand.jpg 892w, https:\/\/courteduree.fr\/wp-content\/uploads\/2019\/08\/Thailand-253x300.jpg 253w, https:\/\/courteduree.fr\/wp-content\/uploads\/2019\/08\/Thailand-863x1024.jpg 863w, https:\/\/courteduree.fr\/wp-content\/uploads\/2019\/08\/Thailand-768x912.jpg 768w\" sizes=\"auto, (max-width: 892px) 100vw, 892px\" \/><div class=\"wp-block-getwid-banner__caption\" style=\"min-height:385px\"><div class=\"wp-block-getwid-banner__caption-wrapper\"><span class=\"wp-block-getwid-banner__title\">Thailand<\/span><p class=\"wp-block-getwid-banner__text\">$95 \/ night average<\/p><\/div><\/div><\/div><\/a><\/div>\n<\/div>\n\n\n\n<div class=\"wp-block-column is-layout-flow wp-block-column-is-layout-flow\">\n<div class=\"wp-block-getwid-banner is-style-shadow-bottom has-foreground-undefined has-animation-style4 has-vertical-alignment-bottom has-horizontal-alignment-left\"><a href=\"#\" class=\"wp-block-getwid-banner__link\"><div class=\"wp-block-getwid-banner__wrapper\"><img loading=\"lazy\" decoding=\"async\" width=\"892\" height=\"1059\" src=\"http:\/\/courteduree.fr\/wp-content\/uploads\/2019\/08\/Greece.jpg\" alt=\"\" class=\"wp-block-getwid-banner__image wp-block-getwid-banner__source wp-image-214\" srcset=\"https:\/\/courteduree.fr\/wp-content\/uploads\/2019\/08\/Greece.jpg 892w, https:\/\/courteduree.fr\/wp-content\/uploads\/2019\/08\/Greece-253x300.jpg 253w, https:\/\/courteduree.fr\/wp-content\/uploads\/2019\/08\/Greece-863x1024.jpg 863w, https:\/\/courteduree.fr\/wp-content\/uploads\/2019\/08\/Greece-768x912.jpg 768w\" sizes=\"auto, (max-width: 892px) 100vw, 892px\" \/><div class=\"wp-block-getwid-banner__caption\" style=\"min-height:385px\"><div class=\"wp-block-getwid-banner__caption-wrapper\"><span class=\"wp-block-getwid-banner__title\">Greece<\/span><p class=\"wp-block-getwid-banner__text\">$148 \/ night average<\/p><\/div><\/div><\/div><\/a><\/div>\n<\/div>\n\n\n\n<div class=\"wp-block-column is-layout-flow wp-block-column-is-layout-flow\">\n<div class=\"wp-block-getwid-banner is-style-shadow-bottom has-foreground-undefined has-animation-style4 has-vertical-alignment-bottom has-horizontal-alignment-left\"><a href=\"#\" class=\"wp-block-getwid-banner__link\"><div class=\"wp-block-getwid-banner__wrapper\"><img loading=\"lazy\" decoding=\"async\" width=\"892\" height=\"1059\" src=\"http:\/\/courteduree.fr\/wp-content\/uploads\/2019\/08\/Peru.jpg\" alt=\"\" class=\"wp-block-getwid-banner__image wp-block-getwid-banner__source wp-image-216\" srcset=\"https:\/\/courteduree.fr\/wp-content\/uploads\/2019\/08\/Peru.jpg 892w, https:\/\/courteduree.fr\/wp-content\/uploads\/2019\/08\/Peru-253x300.jpg 253w, https:\/\/courteduree.fr\/wp-content\/uploads\/2019\/08\/Peru-863x1024.jpg 863w, https:\/\/courteduree.fr\/wp-content\/uploads\/2019\/08\/Peru-768x912.jpg 768w\" sizes=\"auto, (max-width: 892px) 100vw, 892px\" \/><div class=\"wp-block-getwid-banner__caption\" style=\"min-height:385px\"><div class=\"wp-block-getwid-banner__caption-wrapper\"><span class=\"wp-block-getwid-banner__title\">Peru<\/span><p class=\"wp-block-getwid-banner__text\">$76 \/ night average<\/p><\/div><\/div><\/div><\/a><\/div>\n<\/div>\n<\/div>\n\n\n\n<div style=\"height:45px\" aria-hidden=\"true\" class=\"wp-block-spacer\"><\/div>\n<\/div><\/div><\/div><\/div><\/div>\n\n\n\n<p><\/p>\n","protected":false},"excerpt":{"rendered":"","protected":false},"author":1,"featured_media":0,"parent":0,"menu_order":0,"comment_status":"closed","ping_status":"closed","template":"template-canvas-page.php","meta":{"inline_featured_image":false,"_monsterinsights_skip_tracking":false,"_monsterinsights_sitenote_active":false,"_monsterinsights_sitenote_note":"","_monsterinsights_sitenote_category":0,"footnotes":""},"class_list":["post-60","page","type-page","status-publish","hentry"],"aioseo_notices":[],"_links":{"self":[{"href":"https:\/\/courteduree.fr\/index.php?rest_route=\/wp\/v2\/pages\/60","targetHints":{"allow":["GET"]}}],"collection":[{"href":"https:\/\/courteduree.fr\/index.php?rest_route=\/wp\/v2\/pages"}],"about":[{"href":"https:\/\/courteduree.fr\/index.php?rest_route=\/wp\/v2\/types\/page"}],"author":[{"embeddable":true,"href":"https:\/\/courteduree.fr\/index.php?rest_route=\/wp\/v2\/users\/1"}],"replies":[{"embeddable":true,"href":"https:\/\/courteduree.fr\/index.php?rest_route=%2Fwp%2Fv2%2Fcomments&post=60"}],"version-history":[{"count":12,"href":"https:\/\/courteduree.fr\/index.php?rest_route=\/wp\/v2\/pages\/60\/revisions"}],"predecessor-version":[{"id":1240,"href":"https:\/\/courteduree.fr\/index.php?rest_route=\/wp\/v2\/pages\/60\/revisions\/1240"}],"wp:attachment":[{"href":"https:\/\/courteduree.fr\/index.php?rest_route=%2Fwp%2Fv2%2Fmedia&parent=60"}],"curies":[{"name":"wp","href":"https:\/\/api.w.org\/{rel}","templated":true}]}}